{"id":80,"date":"2015-04-28T11:34:54","date_gmt":"2015-04-28T11:34:54","guid":{"rendered":"http:\/\/portal.ecclesia.pt\/aiic\/?page_id=80"},"modified":"2019-02-15T11:10:09","modified_gmt":"2019-02-15T11:10:09","slug":"entrada","status":"publish","type":"page","link":"https:\/\/aiic.pt\/","title":{"rendered":"entrada"},"content":{"rendered":"<p>[et_pb_section bb_built=&#8221;1&#8243; admin_label=&#8221;section&#8221; fullwidth=&#8221;on&#8221; specialty=&#8221;off&#8221; background_color=&#8221;#697db1&#8243; inner_shadow=&#8221;on&#8221; parallax=&#8221;off&#8221; transparent_background=&#8221;off&#8221; allow_player_pause=&#8221;off&#8221; parallax_method=&#8221;off&#8221; next_background_color=&#8221;#ffffff&#8221;][et_pb_fullwidth_header title=&#8221;AIIC&#8221; subhead=&#8221;Associa\u00e7\u00e3o de Imprensa de Inspira\u00e7\u00e3o Crist\u00e3&#8221; background_color=&#8221;rgba(255, 255, 255, 0)&#8221; _builder_version=&#8221;3.19.14&#8243; button_one_text_size__hover_enabled=&#8221;off&#8221; button_one_text_size__hover=&#8221;null&#8221; button_two_text_size__hover_enabled=&#8221;off&#8221; button_two_text_size__hover=&#8221;null&#8221; button_one_text_color__hover_enabled=&#8221;off&#8221; button_one_text_color__hover=&#8221;null&#8221; button_two_text_color__hover_enabled=&#8221;off&#8221; button_two_text_color__hover=&#8221;null&#8221; button_one_border_width__hover_enabled=&#8221;off&#8221; button_one_border_width__hover=&#8221;null&#8221; button_two_border_width__hover_enabled=&#8221;off&#8221; button_two_border_width__hover=&#8221;null&#8221; button_one_border_color__hover_enabled=&#8221;off&#8221; button_one_border_color__hover=&#8221;null&#8221; button_two_border_color__hover_enabled=&#8221;off&#8221; button_two_border_color__hover=&#8221;null&#8221; button_one_border_radius__hover_enabled=&#8221;off&#8221; button_one_border_radius__hover=&#8221;null&#8221; button_two_border_radius__hover_enabled=&#8221;off&#8221; button_two_border_radius__hover=&#8221;null&#8221; button_one_letter_spacing__hover_enabled=&#8221;off&#8221; button_one_letter_spacing__hover=&#8221;null&#8221; button_two_letter_spacing__hover_enabled=&#8221;off&#8221; button_two_letter_spacing__hover=&#8221;null&#8221; button_one_bg_color__hover_enabled=&#8221;off&#8221; button_one_bg_color__hover=&#8221;null&#8221; button_two_bg_color__hover_enabled=&#8221;off&#8221; button_two_bg_color__hover=&#8221;null&#8221; max_width_tablet=&#8221;50px&#8221; \/][\/et_pb_section][et_pb_section bb_built=&#8221;1&#8243; admin_label=&#8221;section&#8221; fullwidth=&#8221;off&#8221; specialty=&#8221;off&#8221; prev_background_color=&#8221;#697db1&#8243;][et_pb_row background_position=&#8221;top_left&#8221; background_repeat=&#8221;repeat&#8221; background_size=&#8221;initial&#8221;][et_pb_column type=&#8221;2_3&#8243;][et_pb_image src=&#8221;https:\/\/aiic.pt\/wp-content\/uploads\/2015\/04\/fotos_aiic_banner.gif&#8221; alt=&#8221;Fotos AIIC&#8221; show_in_lightbox=&#8221;off&#8221; url=&#8221;http:\/\/fotos.aiic.pt&#8221; url_new_window=&#8221;on&#8221; use_overlay=&#8221;off&#8221; animation=&#8221;left&#8221; sticky=&#8221;off&#8221; align=&#8221;left&#8221; force_fullwidth=&#8221;off&#8221; always_center_on_mobile=&#8221;on&#8221; animation_direction=&#8221;left&#8221; animation_style=&#8221;slide&#8221; animation_duration=&#8221;500ms&#8221; animation_intensity_slide=&#8221;10%&#8221; _builder_version=&#8221;3.0.83&#8243; show_bottom_space=&#8221;on&#8221; disabled=&#8221;off&#8221; disabled_on=&#8221;off|off|off&#8221; \/][et_pb_blog admin_label=&#8221;ultimas&#8221; fullwidth=&#8221;on&#8221; posts_number=&#8221;4&#8243; show_thumbnail=&#8221;on&#8221; show_content=&#8221;on&#8221; show_author=&#8221;off&#8221; show_date=&#8221;on&#8221; show_categories=&#8221;on&#8221; show_pagination=&#8221;off&#8221; background_layout=&#8221;light&#8221; include_categories=&#8221;5,6,9,8,2,10,15,7&#8243; show_more=&#8221;on&#8221; show_comments=&#8221;off&#8221; use_dropshadow=&#8221;off&#8221; _builder_version=&#8221;3.0.83&#8243; use_overlay=&#8221;off&#8221; pagination_font_size_tablet=&#8221;51&#8243; pagination_line_height_tablet=&#8221;2&#8243; box_shadow_color=&#8221;rgba(0,0,0,0.3)&#8221; box_shadow_style=&#8221;none&#8221; \/][\/et_pb_column][et_pb_column type=&#8221;1_3&#8243;][et_pb_text background_layout=&#8221;light&#8221; text_orientation=&#8221;center&#8221; module_alignment=&#8221;center&#8221; background_position=&#8221;top_left&#8221; background_repeat=&#8221;repeat&#8221; background_size=&#8221;initial&#8221;]<\/p>\n<p style=\"text-align: center;\"><a href=\"https:\/\/aiic.pt\/?page_id=150\"><img loading=\"lazy\" decoding=\"async\" class=\"alignnone size-medium wp-image-320\" src=\"https:\/\/aiic.pt\/wp-content\/uploads\/2015\/04\/capa_mais_informacao-212x300.jpg\" alt=\"capa_mais_informacao\" width=\"212\" height=\"300\" \/><br \/>\n<\/a><a href=\"https:\/\/aiic.pt\/?page_id=150\">[ver edi\u00e7\u00f5es em pdf]<\/a><\/p>\n<p>[\/et_pb_text][et_pb_text background_layout=&#8221;light&#8221; text_orientation=&#8221;left&#8221; module_alignment=&#8221;left&#8221; background_position=&#8221;top_left&#8221; background_repeat=&#8221;repeat&#8221; background_size=&#8221;initial&#8221;]<\/p>\n<p style=\"text-align: center;\"><a href=\"https:\/\/aiic.pt\/wp-content\/uploads\/2015\/05\/revistaAIICcompleta_baixa.pdf\" target=\"_blank\" rel=\"noopener\"><img loading=\"lazy\" decoding=\"async\" class=\" size-medium wp-image-198 aligncenter\" src=\"https:\/\/aiic.pt\/wp-content\/uploads\/capa_revistaAIIC-212x300.jpg\" alt=\"capa_revistaAIIC\" width=\"212\" height=\"300\" srcset=\"https:\/\/aiic.pt\/wp-content\/uploads\/capa_revistaAIIC-212x300.jpg 212w, https:\/\/aiic.pt\/wp-content\/uploads\/capa_revistaAIIC.jpg 600w\" sizes=\"(max-width: 212px) 100vw, 212px\" \/>[ver edi\u00e7\u00e3o em pdf]<\/a><\/p>\n<p>[\/et_pb_text][\/et_pb_column][\/et_pb_row][\/et_pb_section]<\/p>\n","protected":false},"excerpt":{"rendered":"<p>[ver edi\u00e7\u00f5es em pdf] [ver edi\u00e7\u00e3o em pdf]<\/p>\n","protected":false},"author":1,"featured_media":0,"parent":0,"menu_order":0,"comment_status":"closed","ping_status":"closed","template":"","meta":{"_et_pb_use_builder":"on","_et_pb_old_content":"","_et_gb_content_width":"","footnotes":""},"class_list":["post-80","page","type-page","status-publish","hentry"],"_links":{"self":[{"href":"https:\/\/aiic.pt\/index.php\/wp-json\/wp\/v2\/pages\/80","targetHints":{"allow":["GET"]}}],"collection":[{"href":"https:\/\/aiic.pt\/index.php\/wp-json\/wp\/v2\/pages"}],"about":[{"href":"https:\/\/aiic.pt\/index.php\/wp-json\/wp\/v2\/types\/page"}],"author":[{"embeddable":true,"href":"https:\/\/aiic.pt\/index.php\/wp-json\/wp\/v2\/users\/1"}],"replies":[{"embeddable":true,"href":"https:\/\/aiic.pt\/index.php\/wp-json\/wp\/v2\/comments?post=80"}],"version-history":[{"count":38,"href":"https:\/\/aiic.pt\/index.php\/wp-json\/wp\/v2\/pages\/80\/revisions"}],"predecessor-version":[{"id":1463,"href":"https:\/\/aiic.pt\/index.php\/wp-json\/wp\/v2\/pages\/80\/revisions\/1463"}],"wp:attachment":[{"href":"https:\/\/aiic.pt\/index.php\/wp-json\/wp\/v2\/media?parent=80"}],"curies":[{"name":"wp","href":"https:\/\/api.w.org\/{rel}","templated":true}]}}